{"id":30,"date":"2024-12-05T13:44:15","date_gmt":"2024-12-05T12:44:15","guid":{"rendered":"https:\/\/zahn-zams.at\/?page_id=30"},"modified":"2024-12-09T08:00:13","modified_gmt":"2024-12-09T07:00:13","slug":"startseite","status":"publish","type":"page","link":"https:\/\/zahn-zams.at\/","title":{"rendered":"Startseite"},"content":{"rendered":"\t\t<div data-elementor-type=\"wp-page\" data-elementor-id=\"30\" class=\"elementor elementor-30\">\n\t\t\t\t\t\t<section class=\"elementor-section elementor-top-section elementor-element elementor-element-7bca072 elementor-section-boxed elementor-section-height-default elementor-section-height-default\" data-id=\"7bca072\" data-element_type=\"section\">\n\t\t\t\t\t\t<div class=\"elementor-container elementor-column-gap-default\">\n\t\t\t\t\t<div class=\"elementor-column elementor-col-100 elementor-top-column elementor-element elementor-element-45caae8\" data-id=\"45caae8\" data-element_type=\"column\">\n\t\t\t<div class=\"elementor-widget-wrap elementor-element-populated\">\n\t\t\t\t\t\t<div class=\"elementor-element elementor-element-ef85a3a elementor-widget elementor-widget-image\" data-id=\"ef85a3a\" data-element_type=\"widget\" data-widget_type=\"image.default\">\n\t\t\t\t<div class=\"elementor-widget-container\">\n\t\t\t\t\t\t\t\t\t\t\t\t\t\t\t<img fetchpriority=\"high\" decoding=\"async\" width=\"300\" height=\"167\" src=\"https:\/\/zahn-zams.at\/wp-content\/uploads\/2024\/12\/2024_Zahn-Zams_Logo_4c.svg\" class=\"attachment-large size-large wp-image-32\" alt=\"\" \/>\t\t\t\t\t\t\t\t\t\t\t\t\t\t\t<\/div>\n\t\t\t\t<\/div>\n\t\t\t\t\t<\/div>\n\t\t<\/div>\n\t\t\t\t\t<\/div>\n\t\t<\/section>\n\t\t\t\t<section class=\"elementor-section elementor-top-section elementor-element elementor-element-5b6084b elementor-section-full_width elementor-section-height-default elementor-section-height-default\" data-id=\"5b6084b\" data-element_type=\"section\" data-settings=\"{&quot;background_background&quot;:&quot;classic&quot;}\">\n\t\t\t\t\t\t<div class=\"elementor-container elementor-column-gap-default\">\n\t\t\t\t\t<div class=\"elementor-column elementor-col-100 elementor-top-column elementor-element elementor-element-861ac20\" data-id=\"861ac20\" data-element_type=\"column\" data-settings=\"{&quot;background_background&quot;:&quot;classic&quot;}\">\n\t\t\t<div class=\"elementor-widget-wrap elementor-element-populated\">\n\t\t\t\t\t\t<div class=\"elementor-element elementor-element-127467d elementor-widget elementor-widget-heading\" data-id=\"127467d\" data-element_type=\"widget\" data-widget_type=\"heading.default\">\n\t\t\t\t<div class=\"elementor-widget-container\">\n\t\t\t\t\t<h2 class=\"elementor-heading-title elementor-size-default\">Neu ab 2025: Vertragszahnarzt f\u00fcr alle Kassen<\/h2>\t\t\t\t<\/div>\n\t\t\t\t<\/div>\n\t\t\t\t\t<\/div>\n\t\t<\/div>\n\t\t\t\t\t<\/div>\n\t\t<\/section>\n\t\t\t\t<section class=\"elementor-section elementor-top-section elementor-element elementor-element-362eba2 elementor-section-boxed elementor-section-height-default elementor-section-height-default\" data-id=\"362eba2\" data-element_type=\"section\">\n\t\t\t\t\t\t<div class=\"elementor-container elementor-column-gap-default\">\n\t\t\t\t\t<div class=\"elementor-column elementor-col-50 elementor-top-column elementor-element elementor-element-4c22fff\" data-id=\"4c22fff\" data-element_type=\"column\">\n\t\t\t<div class=\"elementor-widget-wrap elementor-element-populated\">\n\t\t\t\t\t\t<div class=\"elementor-element elementor-element-de9399d elementor-widget elementor-widget-heading\" data-id=\"de9399d\" data-element_type=\"widget\" data-widget_type=\"heading.default\">\n\t\t\t\t<div class=\"elementor-widget-container\">\n\t\t\t\t\t<h2 class=\"elementor-heading-title elementor-size-default\">ORDINATIONSZEITEN<\/h2>\t\t\t\t<\/div>\n\t\t\t\t<\/div>\n\t\t\t\t\t<\/div>\n\t\t<\/div>\n\t\t\t\t<div class=\"elementor-column elementor-col-50 elementor-top-column elementor-element elementor-element-a5ac4e7\" data-id=\"a5ac4e7\" data-element_type=\"column\">\n\t\t\t<div class=\"elementor-widget-wrap elementor-element-populated\">\n\t\t\t\t\t\t<div class=\"elementor-element elementor-element-2de7a75 elementor-widget elementor-widget-text-editor\" data-id=\"2de7a75\" data-element_type=\"widget\" data-widget_type=\"text-editor.default\">\n\t\t\t\t<div class=\"elementor-widget-container\">\n\t\t\t\t\t\t\t\t\t<p>Mo-Fr 8 bis 12 Uhr, sowie nach Vereinbarung. Wir bitten um vorherige Terminvereinbarung.<\/p>\t\t\t\t\t\t\t\t<\/div>\n\t\t\t\t<\/div>\n\t\t\t\t\t<\/div>\n\t\t<\/div>\n\t\t\t\t\t<\/div>\n\t\t<\/section>\n\t\t\t\t<section class=\"elementor-section elementor-top-section elementor-element elementor-element-5499344 elementor-section-boxed elementor-section-height-default elementor-section-height-default\" data-id=\"5499344\" data-element_type=\"section\">\n\t\t\t\t\t\t<div class=\"elementor-container elementor-column-gap-default\">\n\t\t\t\t\t<div class=\"elementor-column elementor-col-100 elementor-top-column elementor-element elementor-element-0def545\" data-id=\"0def545\" data-element_type=\"column\">\n\t\t\t<div class=\"elementor-widget-wrap elementor-element-populated\">\n\t\t\t\t\t\t<div class=\"elementor-element elementor-element-7045460 elementor-widget elementor-widget-text-editor\" data-id=\"7045460\" data-element_type=\"widget\" data-widget_type=\"text-editor.default\">\n\t\t\t\t<div class=\"elementor-widget-container\">\n\t\t\t\t\t\t\t\t\t<p>DDr. Clemens Zsifkovits I Zahnarzt I Facharzt f\u00fcr MKG-Chirurgie I Hauptplatz 4, 6511 Zams<br \/>0544262506 I <a title=\"http:\/\/www.zahn-zams.at\" href=\"http:\/\/www.zahn-zams.at\" data-outlook-id=\"33903b2a-c4ea-4e28-8fda-b39cb7019285\">www.zahn-zams.at<\/a> I <a title=\"mailto:praxis@zahn-zams.at\" href=\"mailto:praxis@zahn-zams.at\" data-outlook-id=\"34c4e80e-f959-436e-be3b-805153df7996\">praxis@zahn-zams.at<\/a><\/p>\t\t\t\t\t\t\t\t<\/div>\n\t\t\t\t<\/div>\n\t\t\t\t<div class=\"elementor-element elementor-element-548bc79 elementor-widget-divider--view-line elementor-widget elementor-widget-divider\" data-id=\"548bc79\" data-element_type=\"widget\" data-widget_type=\"divider.default\">\n\t\t\t\t<div class=\"elementor-widget-container\">\n\t\t\t\t\t\t\t<div class=\"elementor-divider\">\n\t\t\t<span class=\"elementor-divider-separator\">\n\t\t\t\t\t\t<\/span>\n\t\t<\/div>\n\t\t\t\t\t\t<\/div>\n\t\t\t\t<\/div>\n\t\t\t\t\t<\/div>\n\t\t<\/div>\n\t\t\t\t\t<\/div>\n\t\t<\/section>\n\t\t\t\t<section class=\"elementor-section elementor-top-section elementor-element elementor-element-1df9cf8 elementor-section-boxed elementor-section-height-default elementor-section-height-default\" data-id=\"1df9cf8\" data-element_type=\"section\">\n\t\t\t\t\t\t<div class=\"elementor-container elementor-column-gap-default\">\n\t\t\t\t\t<div class=\"elementor-column elementor-col-100 elementor-top-column elementor-element elementor-element-0be8cbe\" data-id=\"0be8cbe\" data-element_type=\"column\">\n\t\t\t<div class=\"elementor-widget-wrap elementor-element-populated\">\n\t\t\t\t\t\t<div class=\"elementor-element elementor-element-af45488 elementor-widget elementor-widget-text-editor\" data-id=\"af45488\" data-element_type=\"widget\" data-widget_type=\"text-editor.default\">\n\t\t\t\t<div class=\"elementor-widget-container\">\n\t\t\t\t\t\t\t\t\t<p>Zur Verst\u00e4rkung unseres Teams suchen wir eine <strong>zahn\u00e4rztliche Assistenz (m\/w\/d)<\/strong>, Bezahlung \u00fcber KV.<\/p>\t\t\t\t\t\t\t\t<\/div>\n\t\t\t\t<\/div>\n\t\t\t\t\t<\/div>\n\t\t<\/div>\n\t\t\t\t\t<\/div>\n\t\t<\/section>\n\t\t\t\t<\/div>\n\t\t","protected":false},"excerpt":{"rendered":"<p>Neu ab 2025: Vertragszahnarzt f\u00fcr alle Kassen ORDINATIONSZEITEN Mo-Fr 8 bis 12 Uhr, sowie nach Vereinbarung. Wir bitten um vorherige Terminvereinbarung. DDr. Clemens Zsifkovits I Zahnarzt I Facharzt f\u00fcr MKG-Chirurgie I Hauptplatz 4, 6511 Zams0544262506 I www.zahn-zams.at I praxis@zahn-zams.at Zur Verst\u00e4rkung unseres Teams suchen wir eine zahn\u00e4rztliche Assistenz (m\/w\/d), Bezahlung \u00fcber KV.<\/p>\n","protected":false},"author":1,"featured_media":0,"parent":0,"menu_order":0,"comment_status":"closed","ping_status":"closed","template":"elementor_canvas","meta":{"footnotes":""},"class_list":["post-30","page","type-page","status-publish","hentry"],"yoast_head":"<!-- This site is optimized with the Yoast SEO plugin v25.3.1 - https:\/\/yoast.com\/wordpress\/plugins\/seo\/ -->\n<title>Startseite - DDr. Zsifkovits<\/title>\n<meta name=\"robots\" content=\"noindex, follow, max-snippet:-1, max-image-preview:large, max-video-preview:-1\" \/>\n<meta property=\"og:locale\" content=\"de_DE\" \/>\n<meta property=\"og:type\" content=\"article\" \/>\n<meta property=\"og:title\" content=\"Startseite - DDr. Zsifkovits\" \/>\n<meta property=\"og:description\" content=\"Neu ab 2025: Vertragszahnarzt f\u00fcr alle Kassen ORDINATIONSZEITEN Mo-Fr 8 bis 12 Uhr, sowie nach Vereinbarung. Wir bitten um vorherige Terminvereinbarung. DDr. Clemens Zsifkovits I Zahnarzt I Facharzt f\u00fcr MKG-Chirurgie I Hauptplatz 4, 6511 Zams0544262506 I www.zahn-zams.at I praxis@zahn-zams.at Zur Verst\u00e4rkung unseres Teams suchen wir eine zahn\u00e4rztliche Assistenz (m\/w\/d), Bezahlung \u00fcber KV.\" \/>\n<meta property=\"og:url\" content=\"https:\/\/zahn-zams.at\/\" \/>\n<meta property=\"og:site_name\" content=\"DDr. Zsifkovits\" \/>\n<meta property=\"article:modified_time\" content=\"2024-12-09T07:00:13+00:00\" \/>\n<meta name=\"twitter:card\" content=\"summary_large_image\" \/>\n<meta name=\"twitter:label1\" content=\"Gesch\u00e4tzte Lesezeit\" \/>\n\t<meta name=\"twitter:data1\" content=\"1\u00a0Minute\" \/>\n<script type=\"application\/ld+json\" class=\"yoast-schema-graph\">{\"@context\":\"https:\/\/schema.org\",\"@graph\":[{\"@type\":\"WebPage\",\"@id\":\"https:\/\/zahn-zams.at\/\",\"url\":\"https:\/\/zahn-zams.at\/\",\"name\":\"Startseite - DDr. Zsifkovits\",\"isPartOf\":{\"@id\":\"https:\/\/zahn-zams.at\/#website\"},\"primaryImageOfPage\":{\"@id\":\"https:\/\/zahn-zams.at\/#primaryimage\"},\"image\":{\"@id\":\"https:\/\/zahn-zams.at\/#primaryimage\"},\"thumbnailUrl\":\"https:\/\/zahn-zams.at\/wp-content\/uploads\/2024\/12\/2024_Zahn-Zams_Logo_4c.svg\",\"datePublished\":\"2024-12-05T12:44:15+00:00\",\"dateModified\":\"2024-12-09T07:00:13+00:00\",\"breadcrumb\":{\"@id\":\"https:\/\/zahn-zams.at\/#breadcrumb\"},\"inLanguage\":\"de\",\"potentialAction\":[{\"@type\":\"ReadAction\",\"target\":[\"https:\/\/zahn-zams.at\/\"]}]},{\"@type\":\"ImageObject\",\"inLanguage\":\"de\",\"@id\":\"https:\/\/zahn-zams.at\/#primaryimage\",\"url\":\"https:\/\/zahn-zams.at\/wp-content\/uploads\/2024\/12\/2024_Zahn-Zams_Logo_4c.svg\",\"contentUrl\":\"https:\/\/zahn-zams.at\/wp-content\/uploads\/2024\/12\/2024_Zahn-Zams_Logo_4c.svg\",\"width\":300,\"height\":167},{\"@type\":\"BreadcrumbList\",\"@id\":\"https:\/\/zahn-zams.at\/#breadcrumb\",\"itemListElement\":[{\"@type\":\"ListItem\",\"position\":1,\"name\":\"Startseite\",\"item\":\"https:\/\/zahn-zams.at\/\"},{\"@type\":\"ListItem\",\"position\":2,\"name\":\"Startseite\"}]},{\"@type\":\"WebSite\",\"@id\":\"https:\/\/zahn-zams.at\/#website\",\"url\":\"https:\/\/zahn-zams.at\/\",\"name\":\"DDr. Zsifkovits\",\"description\":\"\",\"potentialAction\":[{\"@type\":\"SearchAction\",\"target\":{\"@type\":\"EntryPoint\",\"urlTemplate\":\"https:\/\/zahn-zams.at\/?s={search_term_string}\"},\"query-input\":{\"@type\":\"PropertyValueSpecification\",\"valueRequired\":true,\"valueName\":\"search_term_string\"}}],\"inLanguage\":\"de\"}]}<\/script>\n<!-- \/ Yoast SEO plugin. -->","yoast_head_json":{"title":"Startseite - DDr. Zsifkovits","robots":{"index":"noindex","follow":"follow","max-snippet":"max-snippet:-1","max-image-preview":"max-image-preview:large","max-video-preview":"max-video-preview:-1"},"og_locale":"de_DE","og_type":"article","og_title":"Startseite - DDr. Zsifkovits","og_description":"Neu ab 2025: Vertragszahnarzt f\u00fcr alle Kassen ORDINATIONSZEITEN Mo-Fr 8 bis 12 Uhr, sowie nach Vereinbarung. Wir bitten um vorherige Terminvereinbarung. DDr. Clemens Zsifkovits I Zahnarzt I Facharzt f\u00fcr MKG-Chirurgie I Hauptplatz 4, 6511 Zams0544262506 I www.zahn-zams.at I praxis@zahn-zams.at Zur Verst\u00e4rkung unseres Teams suchen wir eine zahn\u00e4rztliche Assistenz (m\/w\/d), Bezahlung \u00fcber KV.","og_url":"https:\/\/zahn-zams.at\/","og_site_name":"DDr. Zsifkovits","article_modified_time":"2024-12-09T07:00:13+00:00","twitter_card":"summary_large_image","twitter_misc":{"Gesch\u00e4tzte Lesezeit":"1\u00a0Minute"},"schema":{"@context":"https:\/\/schema.org","@graph":[{"@type":"WebPage","@id":"https:\/\/zahn-zams.at\/","url":"https:\/\/zahn-zams.at\/","name":"Startseite - DDr. Zsifkovits","isPartOf":{"@id":"https:\/\/zahn-zams.at\/#website"},"primaryImageOfPage":{"@id":"https:\/\/zahn-zams.at\/#primaryimage"},"image":{"@id":"https:\/\/zahn-zams.at\/#primaryimage"},"thumbnailUrl":"https:\/\/zahn-zams.at\/wp-content\/uploads\/2024\/12\/2024_Zahn-Zams_Logo_4c.svg","datePublished":"2024-12-05T12:44:15+00:00","dateModified":"2024-12-09T07:00:13+00:00","breadcrumb":{"@id":"https:\/\/zahn-zams.at\/#breadcrumb"},"inLanguage":"de","potentialAction":[{"@type":"ReadAction","target":["https:\/\/zahn-zams.at\/"]}]},{"@type":"ImageObject","inLanguage":"de","@id":"https:\/\/zahn-zams.at\/#primaryimage","url":"https:\/\/zahn-zams.at\/wp-content\/uploads\/2024\/12\/2024_Zahn-Zams_Logo_4c.svg","contentUrl":"https:\/\/zahn-zams.at\/wp-content\/uploads\/2024\/12\/2024_Zahn-Zams_Logo_4c.svg","width":300,"height":167},{"@type":"BreadcrumbList","@id":"https:\/\/zahn-zams.at\/#breadcrumb","itemListElement":[{"@type":"ListItem","position":1,"name":"Startseite","item":"https:\/\/zahn-zams.at\/"},{"@type":"ListItem","position":2,"name":"Startseite"}]},{"@type":"WebSite","@id":"https:\/\/zahn-zams.at\/#website","url":"https:\/\/zahn-zams.at\/","name":"DDr. Zsifkovits","description":"","potentialAction":[{"@type":"SearchAction","target":{"@type":"EntryPoint","urlTemplate":"https:\/\/zahn-zams.at\/?s={search_term_string}"},"query-input":{"@type":"PropertyValueSpecification","valueRequired":true,"valueName":"search_term_string"}}],"inLanguage":"de"}]}},"_links":{"self":[{"href":"https:\/\/zahn-zams.at\/index.php\/wp-json\/wp\/v2\/pages\/30","targetHints":{"allow":["GET"]}}],"collection":[{"href":"https:\/\/zahn-zams.at\/index.php\/wp-json\/wp\/v2\/pages"}],"about":[{"href":"https:\/\/zahn-zams.at\/index.php\/wp-json\/wp\/v2\/types\/page"}],"author":[{"embeddable":true,"href":"https:\/\/zahn-zams.at\/index.php\/wp-json\/wp\/v2\/users\/1"}],"replies":[{"embeddable":true,"href":"https:\/\/zahn-zams.at\/index.php\/wp-json\/wp\/v2\/comments?post=30"}],"version-history":[{"count":23,"href":"https:\/\/zahn-zams.at\/index.php\/wp-json\/wp\/v2\/pages\/30\/revisions"}],"predecessor-version":[{"id":59,"href":"https:\/\/zahn-zams.at\/index.php\/wp-json\/wp\/v2\/pages\/30\/revisions\/59"}],"wp:attachment":[{"href":"https:\/\/zahn-zams.at\/index.php\/wp-json\/wp\/v2\/media?parent=30"}],"curies":[{"name":"wp","href":"https:\/\/api.w.org\/{rel}","templated":true}]}}